{"id":29251,"date":"2025-02-13T20:15:35","date_gmt":"2025-02-13T17:15:35","guid":{"rendered":"https:\/\/migliore.ru\/?page_id=29251"},"modified":"2025-02-17T23:30:13","modified_gmt":"2025-02-17T20:30:13","slug":"optovyj-otdel","status":"publish","type":"page","link":"https:\/\/miglioreluxury.it\/it\/optovyj-otdel\/","title":{"rendered":"Dipartimento all&#8217;ingrosso"},"content":{"rendered":"<p><span class=\"EzKURWReUAB5oZgtQNkl\" data-src-align=\"3:8\">Possiedi<\/span> <span class=\"EzKURWReUAB5oZgtQNkl\" data-src-align=\"12:20\">un negozio al dettaglio,<\/span> <span class=\"EzKURWReUAB5oZgtQNkl\" data-src-align=\"33:8\">un negozio online<\/span>, <span class=\"EzKURWReUAB5oZgtQNkl\" data-src-align=\"53:1\">hai<\/span> <span class=\"EzKURWReUAB5oZgtQNkl\" data-src-align=\"67:5\">un&#8217;azienda<\/span> <span class=\"EzKURWReUAB5oZgtQNkl\" data-src-align=\"59:7\">all&#8217;ingrosso<\/span>, <span class=\"EzKURWReUAB5oZgtQNkl\" data-src-align=\"87:11\">un&#8217;organizzazione<\/span> <span class=\"EzKURWReUAB5oZgtQNkl\" data-src-align=\"74:12\">di costruzioni<\/span> <span class=\"EzKURWReUAB5oZgtQNkl\" data-src-align=\"107:30\">o hai solo bisogno di molti impianti idraulici?<\/span> <span class=\"EzKURWReUAB5oZgtQNkl\" data-src-align=\"140:2\">&#8211; Sei<\/span> <span class=\"EzKURWReUAB5oZgtQNkl\" data-src-align=\"146:6\">nel posto<\/span> <span class=\"EzKURWReUAB5oZgtQNkl\" data-src-align=\"152:1\">giusto!<\/span> <span class=\"EzKURWReUAB5oZgtQNkl\" data-src-align=\"155:1\">Abbiamo<\/span> <span class=\"EzKURWReUAB5oZgtQNkl\" data-src-align=\"172:11\">offerte<\/span> <span class=\"EzKURWReUAB5oZgtQNkl\" data-src-align=\"161:10\">uniche<\/span> <span class=\"EzKURWReUAB5oZgtQNkl\" data-src-align=\"184:3\">per<\/span> <span class=\"EzKURWReUAB5oZgtQNkl\" data-src-align=\"188:16\">i clienti all&#8217;ingrosso<\/span>: <span class=\"EzKURWReUAB5oZgtQNkl\" data-src-align=\"207:20\">Prezzi competitivi<\/span><span class=\"EzKURWReUAB5oZgtQNkl\" data-src-align=\"235:22\">: \u00e8 redditizio acquistare da noi<\/span>, <span class=\"EzKURWReUAB5oZgtQNkl\" data-src-align=\"263:3\">poich\u00e9<\/span> <span class=\"EzKURWReUAB5oZgtQNkl\" data-src-align=\"270:13\">siamo produttori<\/span>; <span class=\"EzKURWReUAB5oZgtQNkl\" data-src-align=\"285:3\">Tutto<\/span> <span class=\"EzKURWReUAB5oZgtQNkl\" data-src-align=\"289:1\">in<\/span> <span class=\"EzKURWReUAB5oZgtQNkl\" data-src-align=\"297:5\">un unico posto<\/span> \u2014 <span class=\"EzKURWReUAB5oZgtQNkl\" data-src-align=\"305:1\">abbiamo<\/span> <span class=\"EzKURWReUAB5oZgtQNkl\" data-src-align=\"323:11\">una gamma<\/span> <span class=\"EzKURWReUAB5oZgtQNkl\" data-src-align=\"311:11\">sufficiente<\/span> <span class=\"EzKURWReUAB5oZgtQNkl\" data-src-align=\"335:3\">per<\/span> <span class=\"EzKURWReUAB5oZgtQNkl\" data-src-align=\"360:8\">poter acquistare<\/span> <span class=\"EzKURWReUAB5oZgtQNkl\" data-src-align=\"369:3\">tutto<\/span> <span class=\"EzKURWReUAB5oZgtQNkl\" data-src-align=\"373:1\">in<\/span> <span class=\"EzKURWReUAB5oZgtQNkl\" data-src-align=\"381:5\">un unico posto<\/span> <span class=\"EzKURWReUAB5oZgtQNkl\" data-src-align=\"389:9\">e risparmiare<\/span> <span class=\"EzKURWReUAB5oZgtQNkl\" data-src-align=\"404:5\">tempo<\/span> <span class=\"EzKURWReUAB5oZgtQNkl\" data-src-align=\"410:1\">e<\/span> <span class=\"EzKURWReUAB5oZgtQNkl\" data-src-align=\"412:6\">denaro<\/span>; <span class=\"EzKURWReUAB5oZgtQNkl\" data-src-align=\"420:4\">Prezzi<\/span> <span class=\"EzKURWReUAB5oZgtQNkl\" data-src-align=\"427:3\">con IVA<\/span><span class=\"EzKURWReUAB5oZgtQNkl\" data-src-align=\"433:3\">-tutti<\/span> <span class=\"EzKURWReUAB5oZgtQNkl\" data-src-align=\"437:4\">i prezzi<\/span> <span class=\"EzKURWReUAB5oZgtQNkl\" data-src-align=\"445:6\">dei beni<\/span> <span class=\"EzKURWReUAB5oZgtQNkl\" data-src-align=\"454:3\">con IVA<\/span><span class=\"EzKURWReUAB5oZgtQNkl\" data-src-align=\"463:6\">, che \u00e8<\/span> <span class=\"EzKURWReUAB5oZgtQNkl\" data-src-align=\"470:11\">importante<\/span>; <span class=\"EzKURWReUAB5oZgtQNkl\" data-src-align=\"483:13\">Condizioni progressive<\/span> &#8211; <span class=\"EzKURWReUAB5oZgtQNkl\" data-src-align=\"519:35\">pi\u00f9 grande, pi\u00f9 stabile e pi\u00f9 a lungo collaboriamo<\/span>, <span class=\"EzKURWReUAB5oZgtQNkl\" data-src-align=\"560:8\">pi\u00f9 vantaggiosi<\/span> <span class=\"EzKURWReUAB5oZgtQNkl\" data-src-align=\"577:48\">diventano i parametri di cooperazione commerciale per<\/span> <span class=\"EzKURWReUAB5oZgtQNkl\" data-src-align=\"573:3\">te<\/span>; <span class=\"EzKURWReUAB5oZgtQNkl\" data-src-align=\"627:9\">Costantemente<\/span> <span class=\"EzKURWReUAB5oZgtQNkl\" data-src-align=\"639:7\">disponibile<\/span><span class=\"EzKURWReUAB5oZgtQNkl\" data-src-align=\"649:5\">-il magazzino<\/span> <span class=\"EzKURWReUAB5oZgtQNkl\" data-src-align=\"655:7\">\u00e8 grande<\/span> <span class=\"EzKURWReUAB5oZgtQNkl\" data-src-align=\"663:1\">e<\/span> <span class=\"EzKURWReUAB5oZgtQNkl\" data-src-align=\"665:8\">le forniture<\/span> <span class=\"EzKURWReUAB5oZgtQNkl\" data-src-align=\"674:8\">sono stabilite<\/span>, <span class=\"EzKURWReUAB5oZgtQNkl\" data-src-align=\"692:6\">quindi molto<\/span> <span class=\"EzKURWReUAB5oZgtQNkl\" data-src-align=\"706:7\">\u00e8 disponibile o<\/span> <span class=\"EzKURWReUAB5oZgtQNkl\" data-src-align=\"727:7\">\u00e8 in arrivo<\/span>; <span class=\"EzKURWReUAB5oZgtQNkl\" data-src-align=\"736:8\">Consegna<\/span><span class=\"EzKURWReUAB5oZgtQNkl\" data-src-align=\"747:11\">-il<\/span> <span class=\"EzKURWReUAB5oZgtQNkl\" data-src-align=\"759:6\">proprio servizio<\/span> <span class=\"EzKURWReUAB5oZgtQNkl\" data-src-align=\"766:8\">di consegna<\/span> <span class=\"EzKURWReUAB5oZgtQNkl\" data-src-align=\"778:6\">a Mosca<\/span>, <span class=\"EzKURWReUAB5oZgtQNkl\" data-src-align=\"786:10\">Regione di Mosca<\/span>. <span class=\"EzKURWReUAB5oZgtQNkl\" data-src-align=\"816:10\">Spediamo<\/span> <span class=\"EzKURWReUAB5oZgtQNkl\" data-src-align=\"808:7\">alle regioni<\/span> <span class=\"EzKURWReUAB5oZgtQNkl\" data-src-align=\"827:5\">tramite<\/span> <span class=\"EzKURWReUAB5oZgtQNkl\" data-src-align=\"833:12\">compagnie di trasporto<\/span>. <span class=\"EzKURWReUAB5oZgtQNkl\" data-src-align=\"859:8\">MIGLIORE<\/span> <span class=\"EzKURWReUAB5oZgtQNkl\" data-src-align=\"869:7\">Migliore reparto<\/span> <span class=\"EzKURWReUAB5oZgtQNkl\" data-src-align=\"883:8\">ALL&#8217;ingrosso<\/span><\/p> <p><span class=\"EzKURWReUAB5oZgtQNkl\" data-src-align=\"893:16\">+7(495)135-00-66<\/span> <span class=\"EzKURWReUAB5oZgtQNkl\" data-src-align=\"912:24\">+ 7(926)094-68-01 WhatsApp<\/span> <span class=\"EzKURWReUAB5oZgtQNkl\" data-src-align=\"937:1\">e<\/span> <span class=\"EzKURWReUAB5oZgtQNkl\" data-src-align=\"939:8\">Telegram<\/span><\/p> <p><span class=\"EzKURWReUAB5oZgtQNkl\" data-src-align=\"956:7\">Condizioni<\/span> <span class=\"EzKURWReUAB5oZgtQNkl\" data-src-align=\"949:6\">speciali<\/span> <span class=\"EzKURWReUAB5oZgtQNkl\" data-src-align=\"968:10\">per i designer<\/span>!<\/p> <p><span class=\"EzKURWReUAB5oZgtQNkl\" data-src-align=\"981:16\">info@migliore.ru<\/span><\/p> <p><span class=\"EzKURWReUAB5oZgtQNkl\" data-src-align=\"999:8\">Telegram<\/span> <span class=\"EzKURWReUAB5oZgtQNkl\" data-src-align=\"1008:5\">canale<\/span> <span class=\"EzKURWReUAB5oZgtQNkl\" data-src-align=\"1014:8\">MIGLIORE<\/span> <span class=\"EzKURWReUAB5oZgtQNkl\" data-src-align=\"1023:6\">LUXURY<\/span><\/p> <p><span class=\"EzKURWReUAB5oZgtQNkl\" data-src-align=\"1031:9\">VKontakte<\/span><\/p>","protected":false},"excerpt":{"rendered":"<p>Possiedi un negozio al dettaglio, un negozio online, hai un&#8217;azienda all&#8217;ingrosso, un&#8217;organizzazione di costruzioni o hai solo bisogno di molti impianti idraulici? &#8211; Sei nel posto giusto! Abbiamo offerte uniche per i clienti all&#8217;ingrosso: Prezzi competitivi: \u00e8 redditizio acquistare da noi, poich\u00e9 siamo produttori; Tutto in un unico posto \u2014 abbiamo una gamma sufficiente per [&hellip;]<\/p>\n","protected":false},"author":8,"featured_media":0,"parent":0,"menu_order":0,"comment_status":"closed","ping_status":"closed","template":"","meta":{"footnotes":""},"class_list":["post-29251","page","type-page","status-publish","hentry"],"_links":{"self":[{"href":"https:\/\/miglioreluxury.it\/it\/wp-json\/wp\/v2\/pages\/29251","targetHints":{"allow":["GET"]}}],"collection":[{"href":"https:\/\/miglioreluxury.it\/it\/wp-json\/wp\/v2\/pages"}],"about":[{"href":"https:\/\/miglioreluxury.it\/it\/wp-json\/wp\/v2\/types\/page"}],"author":[{"embeddable":true,"href":"https:\/\/miglioreluxury.it\/it\/wp-json\/wp\/v2\/users\/8"}],"replies":[{"embeddable":true,"href":"https:\/\/miglioreluxury.it\/it\/wp-json\/wp\/v2\/comments?post=29251"}],"version-history":[{"count":22,"href":"https:\/\/miglioreluxury.it\/it\/wp-json\/wp\/v2\/pages\/29251\/revisions"}],"predecessor-version":[{"id":29321,"href":"https:\/\/miglioreluxury.it\/it\/wp-json\/wp\/v2\/pages\/29251\/revisions\/29321"}],"wp:attachment":[{"href":"https:\/\/miglioreluxury.it\/it\/wp-json\/wp\/v2\/media?parent=29251"}],"curies":[{"name":"wp","href":"https:\/\/api.w.org\/{rel}","templated":true}]}}